{"id":5,"date":"2020-12-16T15:57:34","date_gmt":"2020-12-16T14:57:34","guid":{"rendered":"http:\/\/www.2c-architectes.com\/?page_id=5"},"modified":"2021-01-17T17:25:01","modified_gmt":"2021-01-17T16:25:01","slug":"2c-architectes","status":"publish","type":"page","link":"https:\/\/www.2c-architectes.com\/","title":{"rendered":"PHILOSOPHIE DE L\u2019AGENCE"},"content":{"rendered":"<div   data-size='entry_without_sidebar'  data-lightbox_size='large'  data-animation='slide'  data-conditional_play=''  data-ids='135,47,137,48'  data-video_counter='0'  data-autoplay='true'  data-bg_slider='false'  data-slide_height=''  data-handle='av_slideshow'  data-interval='5'  data-class=' avia-builder-el-0  el_before_av_textblock  avia-builder-el-first  '  data-el_id=''  data-css_id=''  data-scroll_down=''  data-control_layout='av-control-default'  data-custom_markup=''  data-perma_caption=''  data-autoplay_stopper=''  data-image_attachment=''  data-min_height='0px'  data-lazy_loading='disabled'  data-default-height='34.95867768595'  class='avia-slideshow avia-slideshow-1  av-control-default av-default-height-applied avia-slideshow-entry_without_sidebar av_slideshow  avia-builder-el-0  el_before_av_textblock  avia-builder-el-first   avia-slide-slider '  itemprop=\"image\" itemscope=\"itemscope\" itemtype=\"https:\/\/schema.org\/ImageObject\" ><ul class='avia-slideshow-inner ' style='padding-bottom: 34.95867768595%;' ><li  class=' slide-1 ' ><div data-rel='slideshow-1' class='avia-slide-wrap '   ><div class=\"avia-caption av-slideshow-caption\"><div class=\"avia-inner-caption\"><div class='avia-caption-content  '  itemprop=\"description\"  ><p>R\u00e9habilitation atelier Vernon<\/p>\n<\/div><\/div><\/div><img class=\"wp-image-135 avia-img-lazy-loading-not-135\"  src=\"https:\/\/www.2c-architectes.com\/wp-content\/uploads\/2021\/01\/vernon-1210x423.jpg\" width=\"1210\" height=\"423\" title='vernon' alt=''  itemprop=\"thumbnailUrl\"   \/><\/div><\/li><li  class=' slide-2 ' ><div data-rel='slideshow-1' class='avia-slide-wrap '   ><div class=\"avia-caption av-slideshow-caption\"><div class=\"avia-inner-caption\"><div class='avia-caption-content  '  itemprop=\"description\"  ><p>R\u00e9habilitation Maison Blanche Limay<\/p>\n<\/div><\/div><\/div><img class=\"wp-image-47 avia-img-lazy-loading-not-47\"  src=\"https:\/\/www.2c-architectes.com\/wp-content\/uploads\/2020\/12\/cropped-2020-Rehab-Maison-Blanche-1-LIMAY.jpg\" width=\"1000\" height=\"288\" title='cropped-2020-Rehab-Maison-Blanche-1-LIMAY.jpg' alt=''  itemprop=\"thumbnailUrl\" srcset=\"https:\/\/www.2c-architectes.com\/wp-content\/uploads\/2020\/12\/cropped-2020-Rehab-Maison-Blanche-1-LIMAY.jpg 1000w, https:\/\/www.2c-architectes.com\/wp-content\/uploads\/2020\/12\/cropped-2020-Rehab-Maison-Blanche-1-LIMAY-300x86.jpg 300w, https:\/\/www.2c-architectes.com\/wp-content\/uploads\/2020\/12\/cropped-2020-Rehab-Maison-Blanche-1-LIMAY-768x221.jpg 768w, https:\/\/www.2c-architectes.com\/wp-content\/uploads\/2020\/12\/cropped-2020-Rehab-Maison-Blanche-1-LIMAY-500x144.jpg 500w\" sizes=\"(max-width: 1000px) 100vw, 1000px\" \/><\/div><\/li><li  class=' slide-3 ' ><div data-rel='slideshow-1' class='avia-slide-wrap '   ><div class=\"avia-caption av-slideshow-caption\"><div class=\"avia-inner-caption\"><div class='avia-caption-content  '  itemprop=\"description\"  ><p>R\u00e9habilitation moulin de Fourges<\/p>\n<\/div><\/div><\/div><img class=\"wp-image-137 avia-img-lazy-loading-not-137\"  src=\"https:\/\/www.2c-architectes.com\/wp-content\/uploads\/2021\/01\/Moulin-1001x423.jpg\" width=\"1001\" height=\"423\" title='Moulin' alt=''  itemprop=\"thumbnailUrl\"   \/><\/div><\/li><li  class=' slide-4 ' ><div data-rel='slideshow-1' class='avia-slide-wrap '   ><div class=\"avia-caption av-slideshow-caption\"><div class=\"avia-inner-caption\"><div class='avia-caption-content  '  itemprop=\"description\"  ><p>R\u00e9habilitation domaine du Chesney<\/p>\n<\/div><\/div><\/div><img class=\"wp-image-48 avia-img-lazy-loading-not-48\"  src=\"https:\/\/www.2c-architectes.com\/wp-content\/uploads\/2020\/12\/cropped-2020-Rehab-Domaine-du-Chesney-APS-2.jpg\" width=\"1000\" height=\"287\" title='cropped-2020-Rehab-Domaine-du-Chesney-APS-2.jpg' alt=''  itemprop=\"thumbnailUrl\" srcset=\"https:\/\/www.2c-architectes.com\/wp-content\/uploads\/2020\/12\/cropped-2020-Rehab-Domaine-du-Chesney-APS-2.jpg 1000w, https:\/\/www.2c-architectes.com\/wp-content\/uploads\/2020\/12\/cropped-2020-Rehab-Domaine-du-Chesney-APS-2-300x86.jpg 300w, https:\/\/www.2c-architectes.com\/wp-content\/uploads\/2020\/12\/cropped-2020-Rehab-Domaine-du-Chesney-APS-2-768x220.jpg 768w, https:\/\/www.2c-architectes.com\/wp-content\/uploads\/2020\/12\/cropped-2020-Rehab-Domaine-du-Chesney-APS-2-500x144.jpg 500w\" sizes=\"(max-width: 1000px) 100vw, 1000px\" \/><\/div><\/li><\/ul><div class='avia-slideshow-arrows avia-slideshow-controls'><a href='#prev' class='prev-slide' aria-hidden='true' data-av_icon='\ue87c' data-av_iconfont='entypo-fontello'>Pr\u00e9c\u00e9dent<\/a><a href='#next' class='next-slide' aria-hidden='true' data-av_icon='\ue87d' data-av_iconfont='entypo-fontello'>Suivant<\/a><\/div><div class='avia-slideshow-dots avia-slideshow-controls'><a href='#1' class='goto-slide active' >1<\/a><a href='#2' class='goto-slide ' >2<\/a><a href='#3' class='goto-slide ' >3<\/a><a href='#4' class='goto-slide ' >4<\/a><\/div><\/div>\n<section class=\"av_textblock_section \"  itemscope=\"itemscope\" itemtype=\"https:\/\/schema.org\/CreativeWork\" ><div class='avia_textblock  '   itemprop=\"text\" ><p style=\"text-align: center;\"><span style=\"font-size: 32px; color: #a80c0c;\">PHILOSOPHIE DE L&rsquo;AGENCE<\/span><\/p>\n<p style=\"text-align: left;\">Une architecture efficace, faite pour durer, \u00e0 moindre cout, en privil\u00e9giant le d\u00e9veloppement durable. La pertinence des mat\u00e9riaux employ\u00e9s, une isolation renforc\u00e9e, et de bons choix \u00e9nerg\u00e9tiques, sont les clefs d\u2019un projet abouti.<\/p>\n<p style=\"text-align: left;\">Le succ\u00e8s de nos missions est bas\u00e9 sur un mode participatif et un travail d\u2019\u00e9quipe entre le Maitre d\u2019Ouvrage et ses services, le Contr\u00f4leur Technique et le Coordonnateur SPS. Il nous semble \u00e9vident que la r\u00e9ussite d\u2019une op\u00e9ration passe par des \u00e9changes r\u00e9currents et constructifs avec les services du maitre d\u2019Ouvrage et les diff\u00e9rents acteurs concern\u00e9s.<\/p>\n<p style=\"text-align: left;\">Nous b\u00e9n\u00e9ficions de la part de nos donneurs d\u2019ordres dont la majorit\u00e9 est publique, de march\u00e9s r\u00e9currents. Pour obtenir cette confiance, nous nous appuyons sur une d\u00e9marche qui privil\u00e9gie&nbsp;:<\/p>\n<p style=\"text-align: left;\"><strong><span style=\"color: #a80c0c;\"><u>Pour le maitrise d&rsquo;oeuvre<\/u><\/span><\/strong><\/p>\n<p style=\"text-align: left;\"><strong>.<\/strong> Une architecture orient\u00e9e vers la durabilit\u00e9,<\/p>\n<p style=\"text-align: left;\"><strong>.<\/strong> Des projets respectueux de l\u2019environnement,<\/p>\n<p style=\"text-align: left;\"><strong>.<\/strong> La maitrise des couts complets (construction\/exploitation\/maintenance)<\/p>\n<p style=\"text-align: left;\"><strong>.<\/strong> La fiabilit\u00e9 des pr\u00e9visions<\/p>\n<p style=\"text-align: left;\"><strong>.<\/strong> Le respect scrupuleux des budgets et des d\u00e9lais.<\/p>\n<p style=\"text-align: left;\"><span style=\"color: #a80c0c;\"><strong><u><span style=\"color: #a80c0c;\">Pour l&rsquo;assistance \u00e0 la maitrise d&rsquo;ouvrage<\/span><\/u><\/strong><\/span><\/p>\n<p style=\"text-align: left;\"><strong>.<\/strong> L\u2019\u00e9coute constructive des besoins exprim\u00e9s par le maitre d\u2019ouvrage,<\/p>\n<p style=\"text-align: left;\"><strong>.<\/strong> La transversalit\u00e9 qui conduit \u00e0 la d\u00e9marche participative de tous les acteurs,<\/p>\n<p style=\"text-align: left;\"><strong>.<\/strong> La connaissance juridique et administrative des march\u00e9s publics de travaux,<\/p>\n<p style=\"text-align: left;\"><strong>.<\/strong> La maitrise technique des m\u00e9tiers de la construction li\u00e9e \u00e0 notre exp\u00e9rience de Maitre d\u2019\u0152uvre,<\/p>\n<p style=\"text-align: left;\">. Une facult\u00e9 d\u2019adaptation rapide \u00e0 tous les projets,<\/p>\n<p style=\"text-align: left;\">. Une disponibilit\u00e9 permanente en fonction des besoins.<\/p>\n<\/div><\/section>\n","protected":false},"excerpt":{"rendered":"","protected":false},"author":1,"featured_media":0,"parent":0,"menu_order":0,"comment_status":"closed","ping_status":"closed","template":"","meta":{"ngg_post_thumbnail":0},"yoast_head":"<!-- This site is optimized with the Yoast SEO plugin v15.6.2 - https:\/\/yoast.com\/wordpress\/plugins\/seo\/ -->\n<title>PHILOSOPHIE DE L\u2019AGENCE - 2C ARCHITECTES<\/title>\n<meta name=\"robots\" content=\"index, follow, max-snippet:-1, max-image-preview:large, max-video-preview:-1\" \/>\n<link rel=\"canonical\" href=\"https:\/\/www.2c-architectes.com\/\" \/>\n<meta property=\"og:locale\" content=\"fr_FR\" \/>\n<meta property=\"og:type\" content=\"article\" \/>\n<meta property=\"og:title\" content=\"PHILOSOPHIE DE L\u2019AGENCE - 2C ARCHITECTES\" \/>\n<meta property=\"og:url\" content=\"https:\/\/www.2c-architectes.com\/\" \/>\n<meta property=\"og:site_name\" content=\"2C ARCHITECTES\" \/>\n<meta property=\"article:modified_time\" content=\"2021-01-17T16:25:01+00:00\" \/>\n<meta name=\"twitter:card\" content=\"summary_large_image\" \/>\n<meta name=\"twitter:label1\" content=\"Dur\u00e9e de lecture est.\">\n\t<meta name=\"twitter:data1\" content=\"2 minutes\">\n<script type=\"application\/ld+json\" class=\"yoast-schema-graph\">{\"@context\":\"https:\/\/schema.org\",\"@graph\":[{\"@type\":\"WebSite\",\"@id\":\"https:\/\/www.2c-architectes.com\/#website\",\"url\":\"https:\/\/www.2c-architectes.com\/\",\"name\":\"2C ARCHITECTES\",\"description\":\"Pour une architecture efficace.\",\"potentialAction\":[{\"@type\":\"SearchAction\",\"target\":\"https:\/\/www.2c-architectes.com\/?s={search_term_string}\",\"query-input\":\"required name=search_term_string\"}],\"inLanguage\":\"fr-FR\"},{\"@type\":\"WebPage\",\"@id\":\"https:\/\/www.2c-architectes.com\/#webpage\",\"url\":\"https:\/\/www.2c-architectes.com\/\",\"name\":\"PHILOSOPHIE DE L\\u2019AGENCE - 2C ARCHITECTES\",\"isPartOf\":{\"@id\":\"https:\/\/www.2c-architectes.com\/#website\"},\"datePublished\":\"2020-12-16T14:57:34+00:00\",\"dateModified\":\"2021-01-17T16:25:01+00:00\",\"inLanguage\":\"fr-FR\",\"potentialAction\":[{\"@type\":\"ReadAction\",\"target\":[\"https:\/\/www.2c-architectes.com\/\"]}]}]}<\/script>\n<!-- \/ Yoast SEO plugin. -->","_links":{"self":[{"href":"https:\/\/www.2c-architectes.com\/index.php\/wp-json\/wp\/v2\/pages\/5"}],"collection":[{"href":"https:\/\/www.2c-architectes.com\/index.php\/wp-json\/wp\/v2\/pages"}],"about":[{"href":"https:\/\/www.2c-architectes.com\/index.php\/wp-json\/wp\/v2\/types\/page"}],"author":[{"embeddable":true,"href":"https:\/\/www.2c-architectes.com\/index.php\/wp-json\/wp\/v2\/users\/1"}],"replies":[{"embeddable":true,"href":"https:\/\/www.2c-architectes.com\/index.php\/wp-json\/wp\/v2\/comments?post=5"}],"version-history":[{"count":19,"href":"https:\/\/www.2c-architectes.com\/index.php\/wp-json\/wp\/v2\/pages\/5\/revisions"}],"predecessor-version":[{"id":150,"href":"https:\/\/www.2c-architectes.com\/index.php\/wp-json\/wp\/v2\/pages\/5\/revisions\/150"}],"wp:attachment":[{"href":"https:\/\/www.2c-architectes.com\/index.php\/wp-json\/wp\/v2\/media?parent=5"}],"curies":[{"name":"wp","href":"https:\/\/api.w.org\/{rel}","templated":true}]}}